{"id":905,"date":"2023-12-07T11:36:14","date_gmt":"2023-12-07T10:36:14","guid":{"rendered":"https:\/\/borbonfincas.com\/?page_id=905"},"modified":"2023-12-07T11:36:14","modified_gmt":"2023-12-07T10:36:14","slug":"politica-de-cookies","status":"publish","type":"page","link":"https:\/\/borbonfincas.com\/ca\/politica-de-cookies\/","title":{"rendered":"Pol\u00edtica de cookies"},"content":{"rendered":"<p>Las cookies son peque\u00f1os ficheros de texto que se generan en el ordenador del USUARIO a trav\u00e9s de su navegador cuando \u00e9ste se conecta a una web y que nos permiten hacer m\u00e1s eficiente la experiencia del USUARIO, as\u00ed como conocer m\u00e1s informaci\u00f3n p.e. frecuencia de visitas.<\/p>\n\n\n\n<p>Las cookies se pueden utilizar para recabar y almacenar datos del USUARIO mientras est\u00e1 conectado para facilitarle los servicios solicitados y que no se suelen conservar (Cookies de sesi\u00f3n), o para conservar los datos del USUARIO para otro tipo de servicios futuros y que se pueden conservar por tiempo indefinido (Cookies persistentes).<\/p>\n\n\n\n<p>Las cookies pueden ser propias o de terceros.<\/p>\n\n\n\n<p>Existen varios tipos de cookies: Cookies t\u00e9cnicas que facilitan la navegaci\u00f3n del USUARIO y la utilizaci\u00f3n de las diferentes opciones o servicios que ofrece la web como identificar la sesi\u00f3n, permitir el acceso a determinadas \u00e1reas, facilitar pedidos, compras, cumplimentaci\u00f3n de formularios, inscripciones, seguridad, facilitar funcionalidades (videos, redes sociales\u2026).<\/p>\n\n\n\n<p>Cookies de personalizaci\u00f3n que permiten al USUARIO acceder a los servicios seg\u00fan sus preferencias (idioma, navegador, configuraci\u00f3n\u2026).<\/p>\n\n\n\n<p>Cookies de an\u00e1lisis que permiten el an\u00e1lisis an\u00f3nimo del comportamiento de los USUARIOS de la web y que permiten medir la actividad del USUARIO y elaborar perfiles de navegaci\u00f3n con el fin objetivo mejorar los sitios web.<\/p>\n\n\n\n<p>Cookies publicitarias que permiten la gesti\u00f3n de los espacios publicitarios de la web.<\/p>\n\n\n\n<p>Cookies de publicidad personalizada que permiten la gesti\u00f3n de los espacios publicitarios de la web en base al comportamiento y h\u00e1bitos de navegaci\u00f3n de USUARIO, de donde se obtiene su perfil y permite personalizar la publicidad que se muestra en el navegador del USUARIO.<\/p>\n\n\n\n<p><strong>Concretamente esta p\u00e1gina web utiliza cookies de sesi\u00f3n y anal\u00edticas.<\/strong><\/p>\n\n\n\n<p>El USUARIO puede configurar su navegador para ser avisado en pantalla de la recepci\u00f3n de cookies y para impedir la instalaci\u00f3n de cookies en su disco duro. Por favor, consulte las instrucciones y manuales de su navegador para ampliar esta informaci\u00f3n.<\/p>\n\n\n\n<p>Aunque estos procedimientos est\u00e1n sometidos a las actualizaciones por parte de los desarrolladores de los navegadores, puede servir le de ayuda:<br>\u2013 Internet Explorer: Herramientas, opciones de internet y privacidad.<br>\u2013 Chrome: Configuraci\u00f3n, mostrar opciones avanzadas y privacidad.<br>\u2013 Firefox: Herramientas, opciones y privacidad.<br>\u2013 Safari: Herramientas, preferencias y seguridad.<\/p>\n\n\n\n<p><strong>DETALLE DE COOKIES UTILIZADAS<\/strong><\/p>\n\n\n\n<p>GOOGLE ANALYTICS<\/p>\n\n\n\n<p>Uso<\/p>\n\n\n\n<p>Usamos Google Analytics para las estad\u00edsticas del sitio web.&nbsp;<a href=\"https:\/\/cookiedatabase.org\/service\/google-analytics\" target=\"_blank\" rel=\"noreferrer noopener\">Lee mas<\/a><\/p>\n\n\n\n<p>Compartiendo datos<\/p>\n\n\n\n<p>Para obtener m\u00e1s informaci\u00f3n, lea la&nbsp;<a href=\"https:\/\/policies.google.com\/privacy\" target=\"_blank\" rel=\"noreferrer noopener\">Declaraci\u00f3n de privacidad de Google Analytics<\/a>&nbsp;.<\/p>\n\n\n\n<p>Estad\u00edsticas (an\u00f3nimas)<\/p>\n\n\n\n<p>Nom<\/p>\n\n\n\n<p><a href=\"https:\/\/cookiedatabase.org\/cookie\/google-analytics\/_ga\" target=\"_blank\" rel=\"noreferrer noopener\">_GA<\/a><\/p>\n\n\n\n<p>Retencion<\/p>\n\n\n\n<p>2 a\u00f1os<\/p>\n\n\n\n<p>Funci\u00f3n<\/p>\n\n\n\n<p>Nom<\/p>\n\n\n\n<p><a href=\"https:\/\/cookiedatabase.org\/cookie\/google-analytics\/_gid\" target=\"_blank\" rel=\"noreferrer noopener\">_gid<\/a><\/p>\n\n\n\n<p>Retencion<\/p>\n\n\n\n<p>1 d\u00eda<\/p>\n\n\n\n<p>Funci\u00f3n<\/p>\n\n\n\n<p>Contar y rastrear p\u00e1ginas vistas<\/p>\n\n\n\n<p>Nom<\/p>\n\n\n\n<p><a href=\"https:\/\/cookiedatabase.org\/cookie\/google-analytics\/_gat\" target=\"_blank\" rel=\"noreferrer noopener\">_GAT<\/a><\/p>\n\n\n\n<p>Retencion<\/p>\n\n\n\n<p>1 minuto<\/p>\n\n\n\n<p>Funci\u00f3n<\/p>\n\n\n\n<p>Filtrar solicitudes de bots<\/p>","protected":false},"excerpt":{"rendered":"<p>Las cookies son peque\u00f1os ficheros de texto que se generan en el ordenador del USUARIO a trav\u00e9s de su navegador cuando \u00e9ste se conecta a una web y que nos permiten hacer m\u00e1s eficiente la experiencia del USUARIO, as\u00ed como conocer m\u00e1s informaci\u00f3n p.e. frecuencia de visitas. Las cookies se pueden utilizar para recabar y [&hellip;]<\/p>","protected":false},"author":1,"featured_media":0,"parent":0,"menu_order":0,"comment_status":"closed","ping_status":"closed","template":"","meta":{"footnotes":""},"class_list":["post-905","page","type-page","status-publish","hentry"],"_links":{"self":[{"href":"https:\/\/borbonfincas.com\/ca\/wp-json\/wp\/v2\/pages\/905","targetHints":{"allow":["GET"]}}],"collection":[{"href":"https:\/\/borbonfincas.com\/ca\/wp-json\/wp\/v2\/pages"}],"about":[{"href":"https:\/\/borbonfincas.com\/ca\/wp-json\/wp\/v2\/types\/page"}],"author":[{"embeddable":true,"href":"https:\/\/borbonfincas.com\/ca\/wp-json\/wp\/v2\/users\/1"}],"replies":[{"embeddable":true,"href":"https:\/\/borbonfincas.com\/ca\/wp-json\/wp\/v2\/comments?post=905"}],"version-history":[{"count":1,"href":"https:\/\/borbonfincas.com\/ca\/wp-json\/wp\/v2\/pages\/905\/revisions"}],"predecessor-version":[{"id":906,"href":"https:\/\/borbonfincas.com\/ca\/wp-json\/wp\/v2\/pages\/905\/revisions\/906"}],"wp:attachment":[{"href":"https:\/\/borbonfincas.com\/ca\/wp-json\/wp\/v2\/media?parent=905"}],"curies":[{"name":"wp","href":"https:\/\/api.w.org\/{rel}","templated":true}]}}