{"id":903,"date":"2023-12-07T11:35:12","date_gmt":"2023-12-07T10:35:12","guid":{"rendered":"https:\/\/borbonfincas.com\/?page_id=903"},"modified":"2023-12-07T11:35:13","modified_gmt":"2023-12-07T10:35:13","slug":"aviso-legal","status":"publish","type":"page","link":"https:\/\/borbonfincas.com\/ca\/aviso-legal\/","title":{"rendered":"Av\u00eds Legal"},"content":{"rendered":"<p>La empresa que gestiona la p\u00e1gina web y\/o Site es FINCAS BORBON, concretamente su responsable y director, el SR. PEDRO SERRA con DNI 37648285-E, domicilio social en C\/ Les Carolines 13, 3\u00ba 2\u00aa, 08012, Barcelona, correo electr\u00f3nico <a href=\"mailto:borbon@borbonfincas.com\">borbon@borbonfincas.com<\/a> (en adelante FINCAS BORB\u00d3N).<\/p>\n\n\n\n<p>FINCAS BORBON es la propietaria de la p\u00e1gina web <a href=\"http:\/\/www.fincasborbon.com\">www.fincasborbon.com<\/a> (en adelante la Web) en cualquiera de sus versiones y a donde se puede dirigir para cualquier consulta o duda que tenga durante su navegaci\u00f3n.<\/p>\n\n\n\n<p>La Web tiene como finalidad dar a conocer los servicios que FINCAS BORBON ofrece en el mercado, teniendo como actividad principal el arrendamiento y gesti\u00f3n de bienes inmuebles de terceros propietarios, la prestaci\u00f3n del servicio de administraci\u00f3n de alquileres y gesti\u00f3n de patrimonios y el asesoramiento inmobiliario.<\/p>\n\n\n\n<p>Esta Web, va dirigida principalmente a titulares de los bienes inmuebles, empresas nacionales o nacionales e internacionales, &nbsp;aut\u00f3nomos y\/o profesionales liberales, personas f\u00edsicas &nbsp;mayores de edad, las cuales aceptan que la informaci\u00f3n que se suministre y\/o sea accesible en la Web, lo ser\u00e1 a t\u00edtulo informativo meramente orientativo y que el uso que se realice de la misma ser\u00e1 bajo su exclusiva cuenta y riesgo, no pudiendo exigir ninguna responsabilidad asociada a cualquier toma de decisiones basada en la informaci\u00f3n facilitada por FINCAS BORBON y\/u obtenida a trav\u00e9s de la Web y sus Servicios en su caso.<\/p>\n\n\n\n<p>&nbsp;A la hora de navegar por Internet, siempre ha de tener en cuenta las Condiciones Generales que regulan el acceso y uso de cada una de las p\u00e1ginas web que visita, pues estas condiciones son de obligado cumplimiento para el navegante y debe leerlas con mucha atenci\u00f3n para evitar realizar actividades prohibidas y\/o usos no permitidos<\/p>\n\n\n\n<p>El acceso y uso de esta Web est\u00e1 sujeto al cumplimiento de unas Condiciones Generales que se encuentran publicadas de forma accesible, visible y clara en la Web mediante la pesta\u00f1a Condiciones de Acceso y Uso situadas en el pie de la p\u00e1gina de la home page. Estas Condiciones est\u00e1n sujetas a una actualizaci\u00f3n continua por lo que le recomendamos que lea atentamente los avisos legales cada vez que desee acceder por si hubieran sufrido modificaciones.<\/p>\n\n\n\n<p>Adem\u00e1s, pueden existir Condiciones Particulares que regulan en su caso, la prestaci\u00f3n de determinados servicios por parte de la Web que pueden sustituir, completar y\/o modificar las Condiciones Generales, que deber\u00e1n leerse atentamente antes de contratar y que ser\u00e1n f\u00e1cilmente accesibles en el momento de solicitar cada uno de los servicios. En caso de contradicci\u00f3n entre las Condiciones Generales y las Condiciones Particulares de los servicios, prevalecen las Particulares.<\/p>\n\n\n\n<p>El acceso y Uso de la Web, sus contenidos y sus Servicios otorga la condici\u00f3n de Usuario al navegante, (en adelante Usuario) y suponen la ACEPTACI\u00d3N de la totalidad de estas CONDICIONES GENERALES DE ACCESO Y USO en el momento en que el Usuario accede a la misma y en la versi\u00f3n publicada en el momento en el que acceda y\/o en su caso se registre, y\/o solicite la prestaci\u00f3n de determinados servicios.<\/p>\n\n\n\n<p>La totalidad de los textos legales, Condiciones de Acceso y Uso, Condiciones Particulares de los Servicios, y en su caso, la&nbsp;<a href=\"https:\/\/www.finquesmarba.com\/politica-de-cookies\/\" target=\"_blank\" rel=\"noreferrer noopener\">Pol\u00edtica de Cookies<\/a>&nbsp;forman UN CONJUNTO DE T\u00c9RMINOS Y CONDICIONES (en adelante T\u00e9rminos y Condiciones) que regulan el Acceso y Uso de la Web, sus Contenidos y su Servicios, estableciendo los usos y las actividades permitidas y prohibidas, que el Usuario declara HABER LE\u00cdDO, COMPRENDIDO Y ACEPTADO EN SU TOTALIDAD Y SIN RESERVAS, cuando accede y\/o en su caso, cuando se registra y\/o solicita la prestaci\u00f3n de determinados servicios. Si no est\u00e1 de acuerdo le recomendamos que no contin\u00fae navegando.<\/p>\n\n\n\n<p>El acceso y la visualizaci\u00f3n de los contenidos de la Web no precisa el registro, no obstante, para acceder a determinados servicios es posible que sea necesario que se registre.<\/p>\n\n\n\n<p>S\u00f3lo podr\u00e1n registrarse para el acceso a servicios para usuarios registrados en su caso, los representantes legales de las empresas con facultades vigentes y suficientes de representaci\u00f3n y\/o los mayores de edad los cuales deber\u00e1n ACEPTAR una vez le\u00eddos y comprendidos los T\u00e9rminos y Condiciones que regulan la Web. Nunca se deben realizar manifestaciones falsas con relaci\u00f3n a la edad y Ud. ser\u00e1 el \u00fanico responsable por dichas manifestaciones y que las mismas sean exactas, actuales y veraces.<\/p>\n\n\n\n<p>&nbsp;El Usuario se compromete a acceder y usar la Web, sus Contenidos y Servicios en su caso, de acuerdo con la ley, la moral y el orden p\u00fablico y de conformidad con las presentes Condiciones Generales, de forma correcta y diligente quedando prohibido su uso con fines comerciales o ilegales.<\/p>\n\n\n\n<p>El Usuario se compromete a no retirar, suprimir, alterar, manipular, modificar aquellas notas, indicaciones o s\u00edmbolos que bien FINCAS BORBON o los leg\u00edtimos titulares de los derechos, incorporen a sus propiedades en materia de propiedad intelectual o industrial, derechos de imagen, ni suprimir los dispositivos t\u00e9cnicos de protecci\u00f3n que puedan tener los Contenidos de la Web.<\/p>\n\n\n\n<p>El Usuario se compromete a no utilizar la Web ni sus Servicios en caso de estar habilitados, para transmitir contenidos, material e informaci\u00f3n:- que sean ilegales, contrarios a la moral, al orden p\u00fablico, inapropiados o nocivos para los menores; que atenten contra la dignidad o los derechos humanos; que inciten induzcan o promuevan hechos delictivos, difamatorios, discriminatorios; que violen derechos de propiedad intelectual e industrial de FINCAS BORBON o terceros o derechos asociados a su imagen; que incluya publicidad de cualquier marca ajena a FINCAS BORBON; que atenten contra la intimidad y el derecho al honor; que tengan car\u00e1cter violento, de apolog\u00eda de delincuencia, de car\u00e1cter pornogr\u00e1fico; que induzcan a error grave o que por cualquier motivo el Usuario no tenga derecho a transmitir o a hacer p\u00fablico porque sea susceptible de protecci\u00f3n legal, que viole secretos mercantiles o de otro tipo; que infrinjan el derecho de secreto de las comunicaciones; que constituyan publicidad il\u00edcita, desleal, incluida la publicidad on line en forma de mensaje masivos de tipo publicitario (spam) o piramidal o correo basura; que impida el uso regular de la Web por otros Usuarios; que permitan la recogida y almacenamiento de datos de terceros sin autorizaci\u00f3n; que alteren por medios fraudulentos, p\u00e1ginas web personales, correos electr\u00f3nicos o sistemas de informaci\u00f3n de terceros sin autorizaci\u00f3n; que usurpen la identidad de un tercero; que suponga la realizaci\u00f3n de actuaciones y\/o hechos que puedan introducir virus o cualquier otro elemento ; que pueda da\u00f1ar, sobrecargar o impedir el normal funcionamiento de la Web, hardware, software de FINCAS BORBON o de terceros.<\/p>\n\n\n\n<p>El Usuario reconoce y acepta que el acceso, visualizaci\u00f3n y si fuera el caso la descarga de contenidos se realizar\u00e1 siempre con fines estrictamente personales, esto es, privados y nunca comerciales.<\/p>\n\n\n\n<p>El Usuario no usar\u00e1 la marca comercial, signo distintivo y el nombre FINCAS BORBON y\/o cualquier otro similar o que incluya denominaciones parecidas, en ning\u00fan soporte escrito y\/o electr\u00f3nico, incluyendo el registro de dominios, sin la autorizaci\u00f3n previa y por escrito de FINCAS BORBON.<\/p>\n\n\n\n<p>El Usuario se compromete a no incurrir en comportamientos desleales que resulten id\u00f3neos para crear confusi\u00f3n con la actividad, las prestaciones o el establecimiento de FINCAS BORBON y que generan un elevado riesgo de asociaci\u00f3n en los consumidores respecto del origen y la procedencia de FINCAS BORBON.<\/p>\n\n\n\n<p>&nbsp;La totalidad de los contenidos que forman la Web se encuentran protegidos por los derechos de propiedad industrial e intelectual ya sea porque&nbsp;FINCAS BORBON es el titular o se encuentra debidamente autorizada para su uso.<\/p>\n\n\n\n<p>A estos efectos, se entiende por contenidos, los elementos que forman la Web su formato, texto, estructura de navegaci\u00f3n, scripts, la selecci\u00f3n, ordenaci\u00f3n, los contenidos, los servicios, los elementos creativos y originales, los archivos de sonido, archivos de animaci\u00f3n, archivos de video, incluyendo las obras fotogr\u00e1ficas, las meras fotograf\u00edas, las im\u00e1genes, las bases de datos, los programas de ordenador, el c\u00f3digo fuente, las marcas, los logotipos, los signos distintivos, las marcas comerciales, los materiales publicitarios en su caso, los obras audiovisuales, as\u00ed como, la propia p\u00e1gina web en su conjunto como obra art\u00edstica multimedia (en adelante los Contenidos).Todo ello, sin perjuicio de la plena titularidad que ostentan las entidades colaboradoras, clientes, sobre sus propios contenidos, logotipos y marcas, fotograf\u00edas advirti\u00e9ndole que esta Web podr\u00eda contener im\u00e1genes sujetas a derechos de propiedad industrial e intelectual de terceros.<\/p>\n\n\n\n<p>FINCAS BORBON ostenta los derechos de propiedad intelectual sobre las bases de datos si las hubiera, su estructura creadas para el funcionamiento de la Web concebidas como obras, datos u otros elementos independientes dispuestos de manera sistem\u00e1tica o met\u00f3dica accesibles individualmente por medios electr\u00f3nicos o de otra forma y que por su selecci\u00f3n y disposici\u00f3n de sus contenidos constituyen creaci\u00f3n intelectual.<\/p>\n\n\n\n<p>En consecuencia, queda prohibido:<\/p>\n\n\n\n<p>\u2013 cualquier acto que suponga la disposici\u00f3n, reproducci\u00f3n, distribuci\u00f3n, comunicaci\u00f3n p\u00fablica, puesta a disposici\u00f3n interactiva, transformaci\u00f3n e ingenier\u00eda inversa de los Contenidos de la Web para crear nuevos contenidos, servicios, bases de datos y\/o p\u00e1ginas de an\u00e1loga naturaleza con la informaci\u00f3n obtenida de la Web sin el previo consentimiento por escrito de&nbsp; FINCAS BORBON.<\/p>\n\n\n\n<p>\u2013 que el Usuario utilice los Contenidos de la Web con una finalidad empresarial en beneficio propio y\/o de terceros, directa o indirectamente y el uso de cualquier dispositivo tecnol\u00f3gico, recurso t\u00e9cnico o de cualquier otra naturaleza que permita al Usuario y\/o a terceros beneficiarse de la explotaci\u00f3n econ\u00f3mica no autorizada de los Contenidos protegidos de la Web.<\/p>\n\n\n\n<p>\u2013 el uso de cualquier sistema informatizado o software para extraer datos de la Web para mostrarlos en otro sitio web (screen scraping) o similar, a lo que FINCAS BORBON se opone expresamente, as\u00ed como, el uso de robots, spiders, crawlers o herramientas similares con la finalidad de recabar o extraer datos.<\/p>\n\n\n\n<p>\u2013 retirar, suprimir, alterar, manipular, modificar aquellas notas, indicaciones o s\u00edmbolos que bien FINCAS BORBON o los leg\u00edtimos titulares de los derechos en materia de propiedad intelectual o industrial incorporen a sus creaciones, ni suprimir los dispositivos t\u00e9cnicos de protecci\u00f3n que puedan tener los Contenidos.<\/p>\n\n\n\n<p>-el uso del nombre, la marca FINCAS BORBON y su logotipo que se identifica con una empresa dedicada al alquiler, venta, gesti\u00f3n de patrimonio, asesoramiento de inversi\u00f3n inmobiliaria y valoraciones oficiales.<\/p>\n\n\n\n<p>En ning\u00fan caso el acceso a la Web y visualizaci\u00f3n de los Contenidos supone el otorgamiento de una licencia de propiedad industrial y\/o intelectual ni autorizaci\u00f3n alguna sobre los Contenidos de la Web para su copia, distribuci\u00f3n, comunicaci\u00f3n p\u00fablica, puesta a disposici\u00f3n interactiva en otra p\u00e1gina web diferente a la de FINCAS BORBON a lo que FINCAS BORBON se opone de forma expresa en calidad de autora o por disponer de las autorizaciones necesarias para su explotaci\u00f3n.<\/p>\n\n\n\n<p>Cualquier uso no autorizado de los Contenidos ser\u00e1 considerado como una violaci\u00f3n de las leyes nacionales e internacionales que protegen los derechos de autor.<\/p>\n\n\n\n<p>Queda prohibida la colocaci\u00f3n de enlaces a la Web salvo autorizaci\u00f3n expresa y por escrito de FINCAS BORBON. En ning\u00fan caso, la colocaci\u00f3n de links implica relaci\u00f3n alguna entre FINCAS BORBON y las empresas y\/o personas titulares de los sitios web enlazados y la contrataci\u00f3n de los servicios y\/o adquisici\u00f3n de los productos ofrecidos por los sitios web enlazados se realizar\u00e1 directamente entre el Usuario y el sitio web enlazado, exonerando de cualquier tipo de responsabilidad a FINCAS BORBON en relaci\u00f3n a los contenidos, productos y la correcta prestaci\u00f3n de los servicios por parte de los sitios web enlazados.<\/p>\n\n\n\n<p>Cuando se presten servicios a trav\u00e9s de la Web para Usuarios registrados, en los que se pudiera recabar su opini\u00f3n, compartir experiencias, conocimientos tales como chats, foros, grupos de noticias el Usuario es el \u00fanico responsable de las opiniones vertidas y se compromete a usar los servicios bajo los principios de buena fe, respetando la legalidad vigente y derechos de propiedad intelectual e industrial de terceros, garantizando que no expresar\u00e1 comentarios y opiniones que sean contrarias a la ley, a la moral, al orden p\u00fablico, de contenido inapropiado para menores, difamatorio, injurioso, pornogr\u00e1fico y que atenten contra la imagen y \/o lesionen la reputaci\u00f3n, el honor y la dignidad de terceros.<\/p>\n\n\n\n<p>Cuando los Usuarios registrados env\u00edan voluntariamente sus comentarios y\/u opiniones en la Web conceden una licencia gratuita a FINCAS BORBON, no exclusiva, transferible, para todo el mundo, por el m\u00e1ximo tiempo que establece la ley y para todos los medios de difusi\u00f3n existentes en la fecha con la finalidad de que: \u2013 sean difundidos, publicados, reproducidos, distribuidos, alojados, comunicados p\u00fablicamente, editados, transformados, puestos a disposici\u00f3n para el resto de los Usuarios registrados y replicados por parte de FINCAS BORBON y\/o por el resto de Usuarios registrados transformados, modificados y\/o replicados.<\/p>\n\n\n\n<p>FINCAS BORBON no realizar\u00e1 ninguna labor editorial sobre los contenidos generados en su caso por los Usuarios registrados y no asume ning\u00fan tipo de responsabilidad asociada a los mismos y se reserva el derecho a retirar los contenidos publicados por los Usuarios registrados que incumplan las presentes Condiciones Generales y\/o Reglas de Conducta si las hubiera, sin previo aviso ni derecho a indemnizaci\u00f3n alguna a su favor.<\/p>\n\n\n\n<p>FINCAS BORBON no tiene obligaci\u00f3n de supervisar los contenidos facilitados por los Usuarios en su caso, ni una obligaci\u00f3n general de supervisi\u00f3n de los datos que transmitan o almacenen, ni de realizar b\u00fasquedas activas de hechos o circunstancias que indiquen actividades il\u00edcitas, no siendo responsable por la informaci\u00f3n almacenada y\/o accesible a petici\u00f3n del Usuario con los l\u00edmites establecidos en la legislaci\u00f3n espa\u00f1ola vigente.<\/p>\n\n\n\n<p>Si usted cree que se est\u00e1 incumpliendo cualquiera de las presentes Condiciones Generales le rogamos nos lo comunique en la siguiente direcci\u00f3n&nbsp;<a href=\"mailto:borbon@borbonfincas.com\">borbon@borbonfincas.com<\/a> con indicaci\u00f3n del motivo del incumplimiento, sin perjuicio del uso de las herramientas y\/o mecanismos que haya puesto a su disposici\u00f3n en su caso FINCAS BORBON para denunciar el contenido ofensivo, difamatorio y\/o que atenta contra la legalidad.<\/p>\n\n\n\n<p>Las presentes condiciones generales tendr\u00e1n una duraci\u00f3n de car\u00e1cter indefinido. Cualquiera de las partes podr\u00e1 resolver en caso de incumplimiento de las obligaciones y pactos aqu\u00ed establecidos.<\/p>\n\n\n\n<p>Los presentes t\u00e9rminos y condiciones se rigen por la Ley espa\u00f1ola y para cualquier discrepancia que surja con relaci\u00f3n a su interpretaci\u00f3n y ejecuci\u00f3n se someten a los tribunales donde est\u00e9 establecido el prestador de servicio, esto es, a los juzgados y tribunales de la ciudad de Barcelona<\/p>\n\n\n\n<p>FINCAS BORBON le informa que existe una plataforma de resoluci\u00f3n de conflictos on-line a la que se puede acudir para resolver posibles desavenencias que pudieran existir cuando el destinatario del servicio que contrata en l\u00ednea la prestaci\u00f3n de un servicio y\/o la compraventa de un producto, re\u00fane la condici\u00f3n de consumidor, si es el caso, la cual, se encuentra disponible en el siguiente enlace: https:\/\/webgate.ec.europa.eu\/odr\/main\/index.cfm?event=main.home.show&amp;lng=ES<\/p>\n\n\n\n<p>Por razones de mejora, t\u00e9cnicas, de seguridad y de legalidad en la Web, FINCAS BORBON se reserva el derecho en cualquier momento y sin previa notificaci\u00f3n al Usuario a modificar, ampliar, retirar, suspender o interrumpir temporalmente o definitivamente la Web (presentaci\u00f3n, configuraci\u00f3n, especificaciones t\u00e9cnicas) y sus Contenidos.<\/p>\n\n\n\n<p>Por razones de adaptaci\u00f3n a la legislaci\u00f3n vigente y\/o a los c\u00f3digos de conducta, por razones t\u00e9cnicas de acceso a la Web y a los Contenidos podr\u00e1 modificar, ampliar, actualizar, y revisar los T\u00e9rminos y Condiciones legales.<\/p>\n\n\n\n<p>Las modificaciones se har\u00e1n p\u00fablicas en la Web con una antelaci\u00f3n suficiente para que las conozca antes de su aplicaci\u00f3n. Una vez producidas las modificaciones, el acceso a la Web supone su ACEPTACI\u00d3N. Si no est\u00e1 de acuerdo con las modificaciones por favor no acceda a la Web.<\/p>\n\n\n\n<p>La \u00faltima versi\u00f3n de los T\u00e9rminos y Condiciones de la Web estar\u00e1 siempre a su disposici\u00f3n a trav\u00e9s de la Web y podr\u00e1n ser almacenadas y\/o reproducidas por los Usuarios.<\/p>","protected":false},"excerpt":{"rendered":"<p>La empresa que gestiona la p\u00e1gina web y\/o Site es FINCAS BORBON, concretamente su responsable y director, el SR. PEDRO SERRA con DNI 37648285-E, domicilio social en C\/ Les Carolines 13, 3\u00ba 2\u00aa, 08012, Barcelona, correo electr\u00f3nico borbon@borbonfincas.com (en adelante FINCAS BORB\u00d3N). FINCAS BORBON es la propietaria de la p\u00e1gina web www.fincasborbon.com (en adelante la [&hellip;]<\/p>","protected":false},"author":1,"featured_media":0,"parent":0,"menu_order":0,"comment_status":"closed","ping_status":"closed","template":"","meta":{"footnotes":""},"class_list":["post-903","page","type-page","status-publish","hentry"],"_links":{"self":[{"href":"https:\/\/borbonfincas.com\/ca\/wp-json\/wp\/v2\/pages\/903","targetHints":{"allow":["GET"]}}],"collection":[{"href":"https:\/\/borbonfincas.com\/ca\/wp-json\/wp\/v2\/pages"}],"about":[{"href":"https:\/\/borbonfincas.com\/ca\/wp-json\/wp\/v2\/types\/page"}],"author":[{"embeddable":true,"href":"https:\/\/borbonfincas.com\/ca\/wp-json\/wp\/v2\/users\/1"}],"replies":[{"embeddable":true,"href":"https:\/\/borbonfincas.com\/ca\/wp-json\/wp\/v2\/comments?post=903"}],"version-history":[{"count":1,"href":"https:\/\/borbonfincas.com\/ca\/wp-json\/wp\/v2\/pages\/903\/revisions"}],"predecessor-version":[{"id":904,"href":"https:\/\/borbonfincas.com\/ca\/wp-json\/wp\/v2\/pages\/903\/revisions\/904"}],"wp:attachment":[{"href":"https:\/\/borbonfincas.com\/ca\/wp-json\/wp\/v2\/media?parent=903"}],"curies":[{"name":"wp","href":"https:\/\/api.w.org\/{rel}","templated":true}]}}