{"id":901,"date":"2023-12-07T11:34:18","date_gmt":"2023-12-07T10:34:18","guid":{"rendered":"https:\/\/borbonfincas.com\/?page_id=901"},"modified":"2023-12-07T11:34:19","modified_gmt":"2023-12-07T10:34:19","slug":"politica-de-privacidad","status":"publish","type":"page","link":"https:\/\/borbonfincas.com\/ca\/politica-de-privacidad\/","title":{"rendered":"Pol\u00edtica de privacitat"},"content":{"rendered":"<p>La confidencialidad, la seguridad de la informaci\u00f3n y la protecci\u00f3n de datos de car\u00e1cter personal son valores fundamentales en FINCAS BORBON. Por este motivo, les facilitamos la informaci\u00f3n de nuestra pol\u00edtica de privacidad:<\/p>\n\n\n\n<ol class=\"wp-block-list\" start=\"1\">\n<li><em>Qui\u00e9n es el Responsable del tratamiento de sus datos.<\/em><\/li>\n\n\n\n<li><em>La legitimaci\u00f3n del tratamiento.<\/em><\/li>\n\n\n\n<li><em>Para qu\u00e9 finalidades recabamos sus datos.<\/em><\/li>\n\n\n\n<li><em>Durante cu\u00e1nto tiempo conservamos sus datos.<\/em><\/li>\n\n\n\n<li><em>A qu\u00e9 destinatarios comunicamos los datos.<\/em><\/li>\n\n\n\n<li><em>Cu\u00e1les son sus derechos.<\/em><\/li>\n<\/ol>\n\n\n\n<p>FINCAS BORBON se obliga a cumplir la legislaci\u00f3n vigente en materia de protecci\u00f3n de datos personales contenida en el Reglamento General RGPD 2016\/679 UE y en la Ley de servicios de seguridad de la informaci\u00f3n LSSI 34\/2002.<\/p>\n\n\n\n<p>1. Responsable del tratamiento:<\/p>\n\n\n\n<p>FINCAS BORBON<\/p>\n\n\n\n<p>Direcci\u00f3n postal: C\/ Les Carolines 13, 3\u00ba 2\u00aa, 08012 Barcelona.<br>E-mail:&nbsp;<a href=\"mailto:borbon@borbonfincas.com\">borbon@borbonfincas.com<\/a><\/p>\n\n\n\n<p>2. Legitimaci\u00f3n del Tratamiento:<\/p>\n\n\n\n<p>La base de legitimaci\u00f3n del tratamiento de los datos es el consentimiento del usuario al cumplimentar los formularios, aceptar el tratamiento de datos para las finalidades indicadas en cada caso y aceptar nuestra pol\u00edtica de privacidad.<\/p>\n\n\n\n<p>3. Finalidad del Tratamiento:<\/p>\n\n\n\n<p>Los datos personales ser\u00e1n exclusivamente utilizados para los fines expuestos en los formularios de recogida de datos.<\/p>\n\n\n\n<p>Los datos de car\u00e1cter personal que nos proporcione a trav\u00e9s de los formularios, del env\u00edo de correos electr\u00f3nicos, as\u00ed como los datos a los que FINCAS BORBON acceda como consecuencia de su navegaci\u00f3n, consultas o solicitudes realizadas a trav\u00e9s del sitio web, ser\u00e1n recogidos en un fichero responsabilidad de FINCAS BORBON. El prop\u00f3sito es atender consultas o solicitudes, as\u00ed como elaborar su perfil de usuario sobre la base de sus h\u00e1bitos de navegaci\u00f3n a fin de mantenerlo informado sobre los bienes y servicios que puedan resultar de su inter\u00e9s.<\/p>\n\n\n\n<p>4. Conservaci\u00f3n de los datos:<\/p>\n\n\n\n<p>Sus datos se conservar\u00e1n mientras dure la finalidad para la que fueron recabados y no se solicite su supresi\u00f3n o revocaci\u00f3n.<br>Sin perjuicio de su conservaci\u00f3n para la puesta a disposici\u00f3n de las autoridades competentes por el cumplimiento de obligaciones legales.<\/p>\n\n\n\n<p>5. Destinatarios de los datos:<\/p>\n\n\n\n<p>Sus datos no ser\u00e1n comunicados a terceros salvo a nuestras empresas asociadas y por el cumplimiento de obligaciones legales.<\/p>\n\n\n\n<p>En algunos casos se dar\u00e1 acceso a sus datos a determinados proveedores que prestan servicios a nuestra empresa (env\u00edo de newsletters, hosting de datos de p\u00e1gina web), siendo que con todos ellos se tienen firmados los contratos de protecci\u00f3n de datos como encargados del tratamiento y en ning\u00fan caso tratar\u00e1n los datos para fines propios.<\/p>\n\n\n\n<p>6. Derechos en relaci\u00f3n con sus datos personales:<\/p>\n\n\n\n<p>El usuario podr\u00e1 revocar su Consentimiento en cualquier momento y ejercer los derechos de:<\/p>\n\n\n\n<ul class=\"wp-block-list\">\n<li>Acceso a sus datos para saber cu\u00e1les est\u00e1n siendo objeto de tratamiento.<\/li>\n\n\n\n<li>Rectificaci\u00f3n de los datos inexactos.<\/li>\n\n\n\n<li>Supresi\u00f3n cuando los datos ya no sean necesarios para los fines que fueron recogidos.<\/li>\n\n\n\n<li>Portabilidad en los casos previstos por la normativa y le ser\u00e1n entregados en formato estructurado a usted o al nuevo encargado del tratamiento que designe.<\/li>\n\n\n\n<li>Limitaci\u00f3n en determinadas circunstancias.<\/li>\n\n\n\n<li>Oposici\u00f3n al tratamiento de sus datos por motivos relacionados con su situaci\u00f3n personal.<\/li>\n<\/ul>\n\n\n\n<p>El plazo m\u00e1ximo para resolver el ejercicio de los derechos es 1 mes desde la recepci\u00f3n de la solicitud.<\/p>\n\n\n\n<p>El usuario podr\u00e1 ejercitar sus derechos referidos anteriormente, en los t\u00e9rminos y condiciones previstas en la legislaci\u00f3n vigente, a la atenci\u00f3n: FINCAS BORBON en el domicilio social C\/ LES CAROLINES 13, 3\u00ba 2\u00aa, 08012 BARCELONA, o mediante el env\u00edo de un correo electr\u00f3nico a <a href=\"mailto:borbon@borbonfincas.com\">borbon@borbonfincas.com<\/a><\/p>\n\n\n\n<p>En el caso de no ser atendido satisfactoriamente puede presentar una reclamaci\u00f3n ante la Autoridad espa\u00f1ola de Protecci\u00f3n de datos.<\/p>\n\n\n\n<p>Asimismo, a trav\u00e9s de la aceptaci\u00f3n de la pol\u00edtica de privacidad, reconoce que la informaci\u00f3n y los datos facilitados son exactos y veraces.<\/p>\n\n\n\n<p>Medidas de seguridad:<\/p>\n\n\n\n<p>FINCAS BORBON informa que tiene implantadas las medidas de seguridad de \u00edndole t\u00e9cnica y organizativas necesarias que garantizan la seguridad de los datos de car\u00e1cter personal y evitan su alteraci\u00f3n, p\u00e9rdida, tratamiento o acceso no autorizado, en conformidad con el que prev\u00e9 la normativa vigente.<\/p>\n\n\n\n<p>Gracias por leer nuestra pol\u00edtica de privacidad.<\/p>","protected":false},"excerpt":{"rendered":"<p>La confidencialidad, la seguridad de la informaci\u00f3n y la protecci\u00f3n de datos de car\u00e1cter personal son valores fundamentales en FINCAS BORBON. Por este motivo, les facilitamos la informaci\u00f3n de nuestra pol\u00edtica de privacidad: FINCAS BORBON se obliga a cumplir la legislaci\u00f3n vigente en materia de protecci\u00f3n de datos personales contenida en el Reglamento General RGPD [&hellip;]<\/p>","protected":false},"author":1,"featured_media":0,"parent":0,"menu_order":0,"comment_status":"closed","ping_status":"closed","template":"","meta":{"footnotes":""},"class_list":["post-901","page","type-page","status-publish","hentry"],"_links":{"self":[{"href":"https:\/\/borbonfincas.com\/ca\/wp-json\/wp\/v2\/pages\/901","targetHints":{"allow":["GET"]}}],"collection":[{"href":"https:\/\/borbonfincas.com\/ca\/wp-json\/wp\/v2\/pages"}],"about":[{"href":"https:\/\/borbonfincas.com\/ca\/wp-json\/wp\/v2\/types\/page"}],"author":[{"embeddable":true,"href":"https:\/\/borbonfincas.com\/ca\/wp-json\/wp\/v2\/users\/1"}],"replies":[{"embeddable":true,"href":"https:\/\/borbonfincas.com\/ca\/wp-json\/wp\/v2\/comments?post=901"}],"version-history":[{"count":1,"href":"https:\/\/borbonfincas.com\/ca\/wp-json\/wp\/v2\/pages\/901\/revisions"}],"predecessor-version":[{"id":902,"href":"https:\/\/borbonfincas.com\/ca\/wp-json\/wp\/v2\/pages\/901\/revisions\/902"}],"wp:attachment":[{"href":"https:\/\/borbonfincas.com\/ca\/wp-json\/wp\/v2\/media?parent=901"}],"curies":[{"name":"wp","href":"https:\/\/api.w.org\/{rel}","templated":true}]}}