{"id":310,"date":"2023-10-26T10:47:56","date_gmt":"2023-10-26T08:47:56","guid":{"rendered":"https:\/\/borbonfincas.com\/?page_id=310"},"modified":"2023-12-15T12:50:18","modified_gmt":"2023-12-15T11:50:18","slug":"quienes-somos","status":"publish","type":"page","link":"https:\/\/borbonfincas.com\/ca\/quienes-somos\/","title":{"rendered":"Qui som"},"content":{"rendered":"<div data-elementor-type=\"wp-page\" data-elementor-id=\"310\" class=\"elementor elementor-310\" data-elementor-post-type=\"page\">\n\t\t\t\t\t\t\t\t\t<section class=\"elementor-section elementor-top-section elementor-element elementor-element-6c37d2b6 elementor-section-boxed elementor-section-height-default elementor-section-height-default\" data-id=\"6c37d2b6\" data-element_type=\"section\">\n\t\t\t\t\t\t<div class=\"elementor-container elementor-column-gap-default\">\n\t\t\t\t\t<div class=\"elementor-column elementor-col-50 elementor-top-column elementor-element elementor-element-25feb4da\" data-id=\"25feb4da\" data-element_type=\"column\">\n\t\t\t<div class=\"elementor-widget-wrap elementor-element-populated\">\n\t\t\t\t\t\t\t\t<div class=\"elementor-element elementor-element-4eaabfa animated-fast elementor-widget elementor-widget-heading\" data-id=\"4eaabfa\" data-element_type=\"widget\" data-settings=\"{&quot;_animation&quot;:&quot;none&quot;,&quot;_animation_delay&quot;:50}\" data-widget_type=\"heading.default\">\n\t\t\t\t<div class=\"elementor-widget-container\">\n\t\t\t<style>\/*! elementor - v3.18.0 - 08-12-2023 *\/\n.elementor-heading-title{padding:0;margin:0;line-height:1}.elementor-widget-heading .elementor-heading-title[class*=elementor-size-]>a{color:inherit;font-size:inherit;line-height:inherit}.elementor-widget-heading .elementor-heading-title.elementor-size-small{font-size:15px}.elementor-widget-heading .elementor-heading-title.elementor-size-medium{font-size:19px}.elementor-widget-heading .elementor-heading-title.elementor-size-large{font-size:29px}.elementor-widget-heading .elementor-heading-title.elementor-size-xl{font-size:39px}.elementor-widget-heading .elementor-heading-title.elementor-size-xxl{font-size:59px}<\/style><h2 class=\"elementor-heading-title elementor-size-default\">Som una empresa familiar fundada en 1941<\/h2>\t\t<\/div>\n\t\t\t\t<\/div>\n\t\t\t\t<div class=\"elementor-element elementor-element-4b9ad4e9 animated-fast elementor-widget elementor-widget-text-editor\" data-id=\"4b9ad4e9\" data-element_type=\"widget\" data-settings=\"{&quot;_animation&quot;:&quot;none&quot;,&quot;_animation_delay&quot;:150}\" data-widget_type=\"text-editor.default\">\n\t\t\t\t<div class=\"elementor-widget-container\">\n\t\t\t<style>\/*! elementor - v3.18.0 - 08-12-2023 *\/\n.elementor-widget-text-editor.elementor-drop-cap-view-stacked .elementor-drop-cap{background-color:#69727d;color:#fff}.elementor-widget-text-editor.elementor-drop-cap-view-framed .elementor-drop-cap{color:#69727d;border:3px solid;background-color:transparent}.elementor-widget-text-editor:not(.elementor-drop-cap-view-default) .elementor-drop-cap{margin-top:8px}.elementor-widget-text-editor:not(.elementor-drop-cap-view-default) .elementor-drop-cap-letter{width:1em;height:1em}.elementor-widget-text-editor .elementor-drop-cap{float:left;text-align:center;line-height:1;font-size:50px}.elementor-widget-text-editor .elementor-drop-cap-letter{display:inline-block}<\/style>\t\t\t\t<p><i><span style=\"font-weight: 400;\">M<\/span><span style=\"font-weight: 400;\">\u00e1s<\/span><span style=\"font-weight: 400;\"> de vuitanta anys d'experi\u00e8ncia en el sector immobiliari i centrada en l'administraci\u00f3 de finques, tant propietat horitzontal, \u00e9s a dir comunitats de propietaris i tot el relacionat amb elles, com a propietat vertical i gesti\u00f3 de patrimonis dins de la prov\u00edncia de Barcelona. Ens situem en el barri de Gr\u00e0cia, davant de l'emblem\u00e0tica Casa Vicen\u00e7 de l'arquitecte Antoni Gaud\u00ed.\u00a0<\/span><\/i><\/p>\t\t\t\t\t\t<\/div>\n\t\t\t\t<\/div>\n\t\t\t\t\t<\/div>\n\t\t<\/div>\n\t\t\t\t<div class=\"elementor-column elementor-col-50 elementor-top-column elementor-element elementor-element-4c33dd40\" data-id=\"4c33dd40\" data-element_type=\"column\">\n\t\t\t<div class=\"elementor-widget-wrap elementor-element-populated\">\n\t\t\t\t\t\t\t\t<div class=\"elementor-element elementor-element-36b76cab animated-fast elementor-widget elementor-widget-image\" data-id=\"36b76cab\" data-element_type=\"widget\" data-settings=\"{&quot;_animation&quot;:&quot;none&quot;,&quot;_animation_delay&quot;:100}\" data-widget_type=\"image.default\">\n\t\t\t\t<div class=\"elementor-widget-container\">\n\t\t\t<style>\/*! elementor - v3.18.0 - 08-12-2023 *\/\n.elementor-widget-image{text-align:center}.elementor-widget-image a{display:inline-block}.elementor-widget-image a img[src$=\".svg\"]{width:48px}.elementor-widget-image img{vertical-align:middle;display:inline-block}<\/style>\t\t\t\t\t\t\t\t\t\t\t\t<img fetchpriority=\"high\" decoding=\"async\" width=\"494\" height=\"559\" src=\"https:\/\/borbonfincas.com\/wp-content\/uploads\/2023\/10\/quienes-somos-1.jpg\" class=\"attachment-large size-large wp-image-323\" alt=\"Fincas Borb\u00f3n\" srcset=\"https:\/\/borbonfincas.com\/wp-content\/uploads\/2023\/10\/quienes-somos-1.jpg 494w, https:\/\/borbonfincas.com\/wp-content\/uploads\/2023\/10\/quienes-somos-1-265x300.jpg 265w\" sizes=\"(max-width: 494px) 100vw, 494px\" \/>\t\t\t\t\t\t\t\t\t\t\t\t\t\t\t<\/div>\n\t\t\t\t<\/div>\n\t\t\t\t\t<\/div>\n\t\t<\/div>\n\t\t\t\t\t\t\t<\/div>\n\t\t<\/section>\n\t\t\t\t<section class=\"elementor-section elementor-top-section elementor-element elementor-element-244d93a3 elementor-section-boxed elementor-section-height-default elementor-section-height-default\" data-id=\"244d93a3\" data-element_type=\"section\">\n\t\t\t\t\t\t<div class=\"elementor-container elementor-column-gap-no\">\n\t\t\t\t\t<div class=\"elementor-column elementor-col-50 elementor-top-column elementor-element elementor-element-5c205d80\" data-id=\"5c205d80\" data-element_type=\"column\">\n\t\t\t<div class=\"elementor-widget-wrap elementor-element-populated\">\n\t\t\t\t\t\t\t\t<div class=\"elementor-element elementor-element-6b97e730 animated-fast elementor-invisible elementor-widget elementor-widget-image\" data-id=\"6b97e730\" data-element_type=\"widget\" data-settings=\"{&quot;_animation&quot;:&quot;slideInUp&quot;,&quot;_animation_delay&quot;:100}\" data-widget_type=\"image.default\">\n\t\t\t\t<div class=\"elementor-widget-container\">\n\t\t\t\t\t\t\t\t\t\t\t\t\t\t\t<img decoding=\"async\" width=\"534\" height=\"185\" src=\"https:\/\/borbonfincas.com\/wp-content\/uploads\/2023\/12\/foto-2-somos.jpg\" class=\"attachment-full size-full wp-image-948\" alt=\"\" srcset=\"https:\/\/borbonfincas.com\/wp-content\/uploads\/2023\/12\/foto-2-somos.jpg 534w, https:\/\/borbonfincas.com\/wp-content\/uploads\/2023\/12\/foto-2-somos-300x104.jpg 300w, https:\/\/borbonfincas.com\/wp-content\/uploads\/2023\/12\/foto-2-somos-18x6.jpg 18w, https:\/\/borbonfincas.com\/wp-content\/uploads\/2023\/12\/foto-2-somos-496x172.jpg 496w\" sizes=\"(max-width: 534px) 100vw, 534px\" \/>\t\t\t\t\t\t\t\t\t\t\t\t\t\t\t<\/div>\n\t\t\t\t<\/div>\n\t\t\t\t\t<\/div>\n\t\t<\/div>\n\t\t\t\t<div class=\"elementor-column elementor-col-50 elementor-top-column elementor-element elementor-element-665221f3\" data-id=\"665221f3\" data-element_type=\"column\">\n\t\t\t<div class=\"elementor-widget-wrap elementor-element-populated\">\n\t\t\t\t\t\t\t\t<div class=\"elementor-element elementor-element-739d99f0 animated-fast elementor-widget elementor-widget-heading\" data-id=\"739d99f0\" data-element_type=\"widget\" data-settings=\"{&quot;_animation&quot;:&quot;none&quot;,&quot;_animation_delay&quot;:50}\" data-widget_type=\"heading.default\">\n\t\t\t\t<div class=\"elementor-widget-container\">\n\t\t\t<h2 class=\"elementor-heading-title elementor-size-default\">Som una empresa seriosa i professional centrada en donar cada dia un millor servei als nostres clients<\/h2>\t\t<\/div>\n\t\t\t\t<\/div>\n\t\t\t\t<div class=\"elementor-element elementor-element-6303d915 animated-fast elementor-widget elementor-widget-text-editor\" data-id=\"6303d915\" data-element_type=\"widget\" data-settings=\"{&quot;_animation&quot;:&quot;none&quot;,&quot;_animation_delay&quot;:150}\" data-widget_type=\"text-editor.default\">\n\t\t\t\t<div class=\"elementor-widget-container\">\n\t\t\t\t\t\t\t<p><i><span style=\"font-weight: 400;\">Sent<\/span><span style=\"font-weight: 400;\"> la proximitat el nostre major fort i punt diferencial perqu\u00e8 els nostres clients puguin, sempre que ho necessitin, accedir a tots els nostres empleats, els qui compten amb una extensa experi\u00e8ncia i formaci\u00f3 en el sector i comparteixen els nostres valors de comprom\u00eds i qualitat en totes les nostres gestions.\u00a0<\/span><\/i><\/p>\t\t\t\t\t\t<\/div>\n\t\t\t\t<\/div>\n\t\t\t\t\t<\/div>\n\t\t<\/div>\n\t\t\t\t\t\t\t<\/div>\n\t\t<\/section>\n\t\t\t\t<section class=\"elementor-section elementor-top-section elementor-element elementor-element-7cf03439 elementor-section-boxed elementor-section-height-default elementor-section-height-default\" data-id=\"7cf03439\" data-element_type=\"section\">\n\t\t\t\t\t\t<div class=\"elementor-container elementor-column-gap-no\">\n\t\t\t\t\t<div class=\"elementor-column elementor-col-50 elementor-top-column elementor-element elementor-element-1e97940f\" data-id=\"1e97940f\" data-element_type=\"column\">\n\t\t\t<div class=\"elementor-widget-wrap elementor-element-populated\">\n\t\t\t\t\t\t\t\t<div class=\"elementor-element elementor-element-a10d89b animated-fast elementor-widget elementor-widget-heading\" data-id=\"a10d89b\" data-element_type=\"widget\" data-settings=\"{&quot;_animation&quot;:&quot;none&quot;,&quot;_animation_delay&quot;:50}\" data-widget_type=\"heading.default\">\n\t\t\t\t<div class=\"elementor-widget-container\">\n\t\t\t<h2 class=\"elementor-heading-title elementor-size-default\">A Barcelona, prop de tu<\/h2>\t\t<\/div>\n\t\t\t\t<\/div>\n\t\t\t\t<div class=\"elementor-element elementor-element-6645a7e4 animated-fast elementor-widget elementor-widget-text-editor\" data-id=\"6645a7e4\" data-element_type=\"widget\" data-settings=\"{&quot;_animation&quot;:&quot;none&quot;,&quot;_animation_delay&quot;:150}\" data-widget_type=\"text-editor.default\">\n\t\t\t\t<div class=\"elementor-widget-container\">\n\t\t\t\t\t\t\t<p><span style=\"font-weight: 400;\"><i>Som una de les primeres empreses en el sector dins de la prov\u00edncia de Barcelona que despr\u00e9s de tants anys hem sabut mantenir-nos i adaptar-nos als nous temps, amb la mateixa professionalitat i entusiasme que el primer dia i donant el millor de nosaltres en totes les nostres transaccions.&nbsp;<\/i><\/span><\/p>\n<p><span style=\"font-weight: 400;\"><i>El nostre comprom\u00eds avui i sempre, \u00e9s i ser\u00e0 oferir el millor servei assessorant a tots els propietaris i resolent els problemes que puguin sorgir amb els seus immobles de la forma m\u00e9s \u00e0gil i efica\u00e7 possible.<\/i><\/span><\/p>\n<p><i><span style=\"font-weight: 400;\">&nbsp;<\/span><\/i><\/p>\t\t\t\t\t\t<\/div>\n\t\t\t\t<\/div>\n\t\t\t\t\t<\/div>\n\t\t<\/div>\n\t\t\t\t<div class=\"elementor-column elementor-col-50 elementor-top-column elementor-element elementor-element-bad9409\" data-id=\"bad9409\" data-element_type=\"column\">\n\t\t\t<div class=\"elementor-widget-wrap elementor-element-populated\">\n\t\t\t\t\t\t\t\t<div class=\"elementor-element elementor-element-1559f8ae animated-fast elementor-widget elementor-widget-image\" data-id=\"1559f8ae\" data-element_type=\"widget\" data-settings=\"{&quot;_animation&quot;:&quot;none&quot;,&quot;_animation_delay&quot;:100}\" data-widget_type=\"image.default\">\n\t\t\t\t<div class=\"elementor-widget-container\">\n\t\t\t\t\t\t\t\t\t\t\t\t\t\t\t<img decoding=\"async\" width=\"546\" height=\"234\" src=\"https:\/\/borbonfincas.com\/wp-content\/uploads\/2023\/12\/panoramica.jpg\" class=\"attachment-full size-full wp-image-952\" alt=\"\" srcset=\"https:\/\/borbonfincas.com\/wp-content\/uploads\/2023\/12\/panoramica.jpg 546w, https:\/\/borbonfincas.com\/wp-content\/uploads\/2023\/12\/panoramica-300x129.jpg 300w, https:\/\/borbonfincas.com\/wp-content\/uploads\/2023\/12\/panoramica-18x8.jpg 18w, https:\/\/borbonfincas.com\/wp-content\/uploads\/2023\/12\/panoramica-496x213.jpg 496w, https:\/\/borbonfincas.com\/wp-content\/uploads\/2023\/12\/elementor\/thumbs\/panoramica-150x150.jpg 600w\" sizes=\"(max-width: 546px) 100vw, 546px\" \/>\t\t\t\t\t\t\t\t\t\t\t\t\t\t\t<\/div>\n\t\t\t\t<\/div>\n\t\t\t\t\t<\/div>\n\t\t<\/div>\n\t\t\t\t\t\t\t<\/div>\n\t\t<\/section>\n\t\t<div class=\"elementor-element elementor-element-5be5d2f e-flex e-con-boxed e-con e-parent\" data-id=\"5be5d2f\" data-element_type=\"container\" data-settings=\"{&quot;background_background&quot;:&quot;classic&quot;,&quot;content_width&quot;:&quot;boxed&quot;}\" data-core-v316-plus=\"true\">\n\t\t\t\t\t<div class=\"e-con-inner\">\n\t\t<div class=\"elementor-element elementor-element-43107ac1 e-con-full e-flex e-con e-child\" data-id=\"43107ac1\" data-element_type=\"container\" data-settings=\"{&quot;content_width&quot;:&quot;full&quot;}\">\n\t\t\t\t<div class=\"elementor-element elementor-element-6022fd24 elementor-widget elementor-widget-heading\" data-id=\"6022fd24\" data-element_type=\"widget\" data-widget_type=\"heading.default\">\n\t\t\t\t<div class=\"elementor-widget-container\">\n\t\t\t<h2 class=\"elementor-heading-title elementor-size-default\">Tens dubtes? Podem ajudar-te<\/h2>\t\t<\/div>\n\t\t\t\t<\/div>\n\t\t\t\t<\/div>\n\t\t<div class=\"elementor-element elementor-element-46516871 e-con-full e-flex e-con e-child\" data-id=\"46516871\" data-element_type=\"container\" data-settings=\"{&quot;content_width&quot;:&quot;full&quot;}\">\n\t\t\t\t<div class=\"elementor-element elementor-element-773fe6a2 elementor-align-justify elementor-widget elementor-widget-button\" data-id=\"773fe6a2\" data-element_type=\"widget\" data-widget_type=\"button.default\">\n\t\t\t\t<div class=\"elementor-widget-container\">\n\t\t\t\t\t<div class=\"elementor-button-wrapper\">\n\t\t\t<a class=\"elementor-button elementor-button-link elementor-size-sm\" href=\"https:\/\/borbonfincas.com\/ca\/contacto\/\">\n\t\t\t\t\t\t<span class=\"elementor-button-content-wrapper\">\n\t\t\t\t\t\t<span class=\"elementor-button-text\">CONTACTA ARA<\/span>\n\t\t<\/span>\n\t\t\t\t\t<\/a>\n\t\t<\/div>\n\t\t\t\t<\/div>\n\t\t\t\t<\/div>\n\t\t\t\t<\/div>\n\t\t\t\t\t<\/div>\n\t\t\t\t<\/div>\n\t\t\t\t\t\t\t<\/div>","protected":false},"excerpt":{"rendered":"<p>Somos una empresa familiar fundada en 1941 M\u00e1s de ochenta a\u00f1os de experiencia en el sector inmobiliario y centrada en la administraci\u00f3n de fincas, tanto propiedad horizontal, es decir comunidades de propietarios y todo lo relacionado con ellas, como propiedad vertical y gesti\u00f3n de patrimonios dentro de la provincia de Barcelona. Nos ubicamos en el [&hellip;]<\/p>","protected":false},"author":1,"featured_media":0,"parent":0,"menu_order":0,"comment_status":"closed","ping_status":"closed","template":"elementor_header_footer","meta":{"footnotes":""},"class_list":["post-310","page","type-page","status-publish","hentry"],"_links":{"self":[{"href":"https:\/\/borbonfincas.com\/ca\/wp-json\/wp\/v2\/pages\/310","targetHints":{"allow":["GET"]}}],"collection":[{"href":"https:\/\/borbonfincas.com\/ca\/wp-json\/wp\/v2\/pages"}],"about":[{"href":"https:\/\/borbonfincas.com\/ca\/wp-json\/wp\/v2\/types\/page"}],"author":[{"embeddable":true,"href":"https:\/\/borbonfincas.com\/ca\/wp-json\/wp\/v2\/users\/1"}],"replies":[{"embeddable":true,"href":"https:\/\/borbonfincas.com\/ca\/wp-json\/wp\/v2\/comments?post=310"}],"version-history":[{"count":43,"href":"https:\/\/borbonfincas.com\/ca\/wp-json\/wp\/v2\/pages\/310\/revisions"}],"predecessor-version":[{"id":973,"href":"https:\/\/borbonfincas.com\/ca\/wp-json\/wp\/v2\/pages\/310\/revisions\/973"}],"wp:attachment":[{"href":"https:\/\/borbonfincas.com\/ca\/wp-json\/wp\/v2\/media?parent=310"}],"curies":[{"name":"wp","href":"https:\/\/api.w.org\/{rel}","templated":true}]}}